{"id":1808,"date":"2025-05-12T13:00:35","date_gmt":"2025-05-12T11:00:35","guid":{"rendered":"https:\/\/palladion-silver.com\/?page_id=1808"},"modified":"2025-05-12T13:11:21","modified_gmt":"2025-05-12T11:11:21","slug":"blog","status":"publish","type":"page","link":"https:\/\/palladion-silver.com\/fr\/blog\/","title":{"rendered":"Blog"},"content":{"rendered":"\t\t<div data-elementor-type=\"wp-page\" data-elementor-id=\"1808\" class=\"elementor elementor-1808 elementor-1795\" data-elementor-post-type=\"page\">\n\t\t\t\t<div class=\"elementor-element elementor-element-77ded09c e-con-full e-flex e-con e-parent\" data-id=\"77ded09c\" data-element_type=\"container\" data-settings=\"{&quot;background_slideshow_gallery&quot;:[{&quot;id&quot;:1188,&quot;url&quot;:&quot;http:\\\/\\\/palladion-silver.com\\\/wp-content\\\/uploads\\\/2025\\\/02\\\/main_slider.jpg&quot;}],&quot;background_background&quot;:&quot;slideshow&quot;,&quot;background_slideshow_loop&quot;:&quot;yes&quot;,&quot;background_slideshow_slide_duration&quot;:5000,&quot;background_slideshow_slide_transition&quot;:&quot;fade&quot;,&quot;background_slideshow_transition_duration&quot;:500}\">\n\t\t<div class=\"elementor-element elementor-element-2f389821 e-con-full e-flex e-con e-child\" data-id=\"2f389821\" data-element_type=\"container\" data-settings=\"{&quot;background_background&quot;:&quot;classic&quot;}\">\n\t\t\t\t<div class=\"elementor-element elementor-element-2a826a88 elementor-widget elementor-widget-heading\" data-id=\"2a826a88\" data-element_type=\"widget\" data-widget_type=\"heading.default\">\n\t\t\t\t<div class=\"elementor-widget-container\">\n\t\t\t\t\t<h1 class=\"elementor-heading-title elementor-size-default\">Blog<\/h1>\t\t\t\t<\/div>\n\t\t\t\t<\/div>\n\t\t\t\t<div class=\"elementor-element elementor-element-565c06ba elementor-widget__width-inherit elementor-widget elementor-widget-text-editor\" data-id=\"565c06ba\" data-element_type=\"widget\" data-widget_type=\"text-editor.default\">\n\t\t\t\t<div class=\"elementor-widget-container\">\n\t\t\t\t\t\t\t\t\t<p>Restez inform\u00e9 des derni\u00e8res actualit\u00e9s sur l&rsquo;argent, y compris les tendances du march\u00e9, les d\u00e9veloppements industriels et les innovations dans la production et l&rsquo;utilisation de l&rsquo;argent.<\/p>\t\t\t\t\t\t\t\t<\/div>\n\t\t\t\t<\/div>\n\t\t\t\t<\/div>\n\t\t\t\t<\/div>\n\t\t<div class=\"elementor-element elementor-element-1aa577aa e-flex e-con-boxed e-con e-parent\" data-id=\"1aa577aa\" data-element_type=\"container\">\n\t\t\t\t\t<div class=\"e-con-inner\">\n\t\t\t\t\t<\/div>\n\t\t\t\t<\/div>\n\t\t\t\t<\/div>\n\t\t","protected":false},"excerpt":{"rendered":"<p>Blog Restez inform\u00e9 des derni\u00e8res actualit\u00e9s sur l&rsquo;argent, y compris les tendances du march\u00e9, les d\u00e9veloppements industriels et les innovations [&hellip;]<\/p>\n","protected":false},"author":1,"featured_media":0,"parent":0,"menu_order":0,"comment_status":"closed","ping_status":"closed","template":"","meta":{"_acf_changed":false,"site-sidebar-layout":"no-sidebar","site-content-layout":"","ast-site-content-layout":"full-width-container","site-content-style":"default","site-sidebar-style":"default","ast-global-header-display":"","ast-banner-title-visibility":"","ast-main-header-display":"","ast-hfb-above-header-display":"","ast-hfb-below-header-display":"","ast-hfb-mobile-header-display":"","site-post-title":"disabled","ast-breadcrumbs-content":"","ast-featured-img":"disabled","footer-sml-layout":"","theme-transparent-header-meta":"default","adv-header-id-meta":"","stick-header-meta":"","header-above-stick-meta":"","header-main-stick-meta":"","header-below-stick-meta":"","astra-migrate-meta-layouts":"set","ast-page-background-enabled":"default","ast-page-background-meta":{"desktop":{"background-color":"var(--ast-global-color-4)","background-image":"","background-repeat":"repeat","background-position":"center center","background-size":"auto","background-attachment":"scroll","background-type":"","background-media":"","overlay-type":"","overlay-color":"","overlay-opacity":"","overlay-gradient":""},"tablet":{"background-color":"","background-image":"","background-repeat":"repeat","background-position":"center center","background-size":"auto","background-attachment":"scroll","background-type":"","background-media":"","overlay-type":"","overlay-color":"","overlay-opacity":"","overlay-gradient":""},"mobile":{"background-color":"","background-image":"","background-repeat":"repeat","background-position":"center center","background-size":"auto","background-attachment":"scroll","background-type":"","background-media":"","overlay-type":"","overlay-color":"","overlay-opacity":"","overlay-gradient":""}},"ast-content-background-meta":{"desktop":{"background-color":"var(--ast-global-color-5)","background-image":"","background-repeat":"repeat","background-position":"center center","background-size":"auto","background-attachment":"scroll","background-type":"","background-media":"","overlay-type":"","overlay-color":"","overlay-opacity":"","overlay-gradient":""},"tablet":{"background-color":"var(--ast-global-color-5)","background-image":"","background-repeat":"repeat","background-position":"center center","background-size":"auto","background-attachment":"scroll","background-type":"","background-media":"","overlay-type":"","overlay-color":"","overlay-opacity":"","overlay-gradient":""},"mobile":{"background-color":"var(--ast-global-color-5)","background-image":"","background-repeat":"repeat","background-position":"center center","background-size":"auto","background-attachment":"scroll","background-type":"","background-media":"","overlay-type":"","overlay-color":"","overlay-opacity":"","overlay-gradient":""}},"footnotes":""},"class_list":["post-1808","page","type-page","status-publish","hentry"],"acf":[],"yoast_head":"<!-- This site is optimized with the Yoast SEO plugin v25.0 - https:\/\/yoast.com\/wordpress\/plugins\/seo\/ -->\n<title>Blog - Palladion Silver<\/title>\n<meta name=\"description\" content=\"Restez \u00e0 jour avec les derni\u00e8res actualit\u00e9s sur l&#039;argent, y compris les tendances du march\u00e9, les \u00e9volutions de l&#039;industrie et les innovations dans la production et l&#039;utilisation de l&#039;argent.\" \/>\n<meta name=\"robots\" content=\"index, follow, max-snippet:-1, max-image-preview:large, max-video-preview:-1\" \/>\n<link rel=\"canonical\" href=\"https:\/\/palladion-silver.com\/fr\/blog\/\" \/>\n<meta property=\"og:locale\" content=\"fr_FR\" \/>\n<meta property=\"og:type\" content=\"article\" \/>\n<meta property=\"og:title\" content=\"Blog - Palladion Silver\" \/>\n<meta property=\"og:description\" content=\"Restez \u00e0 jour avec les derni\u00e8res actualit\u00e9s sur l&#039;argent, y compris les tendances du march\u00e9, les \u00e9volutions de l&#039;industrie et les innovations dans la production et l&#039;utilisation de l&#039;argent.\" \/>\n<meta property=\"og:url\" content=\"https:\/\/palladion-silver.com\/fr\/blog\/\" \/>\n<meta property=\"og:site_name\" content=\"Palladion Silver\" \/>\n<meta property=\"article:modified_time\" content=\"2025-05-12T11:11:21+00:00\" \/>\n<meta name=\"twitter:card\" content=\"summary_large_image\" \/>\n<meta name=\"twitter:label1\" content=\"Dur\u00e9e de lecture estim\u00e9e\" \/>\n\t<meta name=\"twitter:data1\" content=\"3 minutes\" \/>\n<script type=\"application\/ld+json\" class=\"yoast-schema-graph\">{\"@context\":\"https:\/\/schema.org\",\"@graph\":[{\"@type\":\"WebPage\",\"@id\":\"https:\/\/palladion-silver.com\/fr\/blog\/\",\"url\":\"https:\/\/palladion-silver.com\/fr\/blog\/\",\"name\":\"Blog - Palladion Silver\",\"isPartOf\":{\"@id\":\"https:\/\/palladion-silver.com\/fr\/#website\"},\"datePublished\":\"2025-05-12T11:00:35+00:00\",\"dateModified\":\"2025-05-12T11:11:21+00:00\",\"description\":\"Restez \u00e0 jour avec les derni\u00e8res actualit\u00e9s sur l'argent, y compris les tendances du march\u00e9, les \u00e9volutions de l'industrie et les innovations dans la production et l'utilisation de l'argent.\",\"breadcrumb\":{\"@id\":\"https:\/\/palladion-silver.com\/fr\/blog\/#breadcrumb\"},\"inLanguage\":\"fr-FR\",\"potentialAction\":[{\"@type\":\"ReadAction\",\"target\":[\"https:\/\/palladion-silver.com\/fr\/blog\/\"]}]},{\"@type\":\"BreadcrumbList\",\"@id\":\"https:\/\/palladion-silver.com\/fr\/blog\/#breadcrumb\",\"itemListElement\":[{\"@type\":\"ListItem\",\"position\":1,\"name\":\"Home\",\"item\":\"https:\/\/palladion-silver.com\/fr\/\"},{\"@type\":\"ListItem\",\"position\":2,\"name\":\"Blog\"}]},{\"@type\":\"WebSite\",\"@id\":\"https:\/\/palladion-silver.com\/fr\/#website\",\"url\":\"https:\/\/palladion-silver.com\/fr\/\",\"name\":\"Palladion Silver\",\"description\":\"Pure Silver\",\"potentialAction\":[{\"@type\":\"SearchAction\",\"target\":{\"@type\":\"EntryPoint\",\"urlTemplate\":\"https:\/\/palladion-silver.com\/fr\/?s={search_term_string}\"},\"query-input\":{\"@type\":\"PropertyValueSpecification\",\"valueRequired\":true,\"valueName\":\"search_term_string\"}}],\"inLanguage\":\"fr-FR\"}]}<\/script>\n<!-- \/ Yoast SEO plugin. -->","yoast_head_json":{"title":"Blog - Palladion Silver","description":"Restez \u00e0 jour avec les derni\u00e8res actualit\u00e9s sur l'argent, y compris les tendances du march\u00e9, les \u00e9volutions de l'industrie et les innovations dans la production et l'utilisation de l'argent.","robots":{"index":"index","follow":"follow","max-snippet":"max-snippet:-1","max-image-preview":"max-image-preview:large","max-video-preview":"max-video-preview:-1"},"canonical":"https:\/\/palladion-silver.com\/fr\/blog\/","og_locale":"fr_FR","og_type":"article","og_title":"Blog - Palladion Silver","og_description":"Restez \u00e0 jour avec les derni\u00e8res actualit\u00e9s sur l'argent, y compris les tendances du march\u00e9, les \u00e9volutions de l'industrie et les innovations dans la production et l'utilisation de l'argent.","og_url":"https:\/\/palladion-silver.com\/fr\/blog\/","og_site_name":"Palladion Silver","article_modified_time":"2025-05-12T11:11:21+00:00","twitter_card":"summary_large_image","twitter_misc":{"Dur\u00e9e de lecture estim\u00e9e":"3 minutes"},"schema":{"@context":"https:\/\/schema.org","@graph":[{"@type":"WebPage","@id":"https:\/\/palladion-silver.com\/fr\/blog\/","url":"https:\/\/palladion-silver.com\/fr\/blog\/","name":"Blog - Palladion Silver","isPartOf":{"@id":"https:\/\/palladion-silver.com\/fr\/#website"},"datePublished":"2025-05-12T11:00:35+00:00","dateModified":"2025-05-12T11:11:21+00:00","description":"Restez \u00e0 jour avec les derni\u00e8res actualit\u00e9s sur l'argent, y compris les tendances du march\u00e9, les \u00e9volutions de l'industrie et les innovations dans la production et l'utilisation de l'argent.","breadcrumb":{"@id":"https:\/\/palladion-silver.com\/fr\/blog\/#breadcrumb"},"inLanguage":"fr-FR","potentialAction":[{"@type":"ReadAction","target":["https:\/\/palladion-silver.com\/fr\/blog\/"]}]},{"@type":"BreadcrumbList","@id":"https:\/\/palladion-silver.com\/fr\/blog\/#breadcrumb","itemListElement":[{"@type":"ListItem","position":1,"name":"Home","item":"https:\/\/palladion-silver.com\/fr\/"},{"@type":"ListItem","position":2,"name":"Blog"}]},{"@type":"WebSite","@id":"https:\/\/palladion-silver.com\/fr\/#website","url":"https:\/\/palladion-silver.com\/fr\/","name":"Palladion Silver","description":"Pure Silver","potentialAction":[{"@type":"SearchAction","target":{"@type":"EntryPoint","urlTemplate":"https:\/\/palladion-silver.com\/fr\/?s={search_term_string}"},"query-input":{"@type":"PropertyValueSpecification","valueRequired":true,"valueName":"search_term_string"}}],"inLanguage":"fr-FR"}]}},"jetpack_sharing_enabled":true,"_links":{"self":[{"href":"https:\/\/palladion-silver.com\/fr\/wp-json\/wp\/v2\/pages\/1808","targetHints":{"allow":["GET"]}}],"collection":[{"href":"https:\/\/palladion-silver.com\/fr\/wp-json\/wp\/v2\/pages"}],"about":[{"href":"https:\/\/palladion-silver.com\/fr\/wp-json\/wp\/v2\/types\/page"}],"author":[{"embeddable":true,"href":"https:\/\/palladion-silver.com\/fr\/wp-json\/wp\/v2\/users\/1"}],"replies":[{"embeddable":true,"href":"https:\/\/palladion-silver.com\/fr\/wp-json\/wp\/v2\/comments?post=1808"}],"version-history":[{"count":4,"href":"https:\/\/palladion-silver.com\/fr\/wp-json\/wp\/v2\/pages\/1808\/revisions"}],"predecessor-version":[{"id":1815,"href":"https:\/\/palladion-silver.com\/fr\/wp-json\/wp\/v2\/pages\/1808\/revisions\/1815"}],"wp:attachment":[{"href":"https:\/\/palladion-silver.com\/fr\/wp-json\/wp\/v2\/media?parent=1808"}],"curies":[{"name":"wp","href":"https:\/\/api.w.org\/{rel}","templated":true}]}}