{"id":1840,"date":"2025-05-12T13:00:35","date_gmt":"2025-05-12T11:00:35","guid":{"rendered":"https:\/\/palladion-silver.com\/?page_id=1840"},"modified":"2025-05-12T13:24:23","modified_gmt":"2025-05-12T11:24:23","slug":"blog","status":"publish","type":"page","link":"https:\/\/palladion-silver.com\/tr\/blog\/","title":{"rendered":"Blog"},"content":{"rendered":"\t\t<div data-elementor-type=\"wp-page\" data-elementor-id=\"1840\" class=\"elementor elementor-1840 elementor-1795\" data-elementor-post-type=\"page\">\n\t\t\t\t<div class=\"elementor-element elementor-element-5ac9a5be e-con-full e-flex e-con e-parent\" data-id=\"5ac9a5be\" data-element_type=\"container\" data-settings=\"{&quot;background_slideshow_gallery&quot;:[{&quot;id&quot;:1188,&quot;url&quot;:&quot;http:\\\/\\\/palladion-silver.com\\\/wp-content\\\/uploads\\\/2025\\\/02\\\/main_slider.jpg&quot;}],&quot;background_background&quot;:&quot;slideshow&quot;,&quot;background_slideshow_loop&quot;:&quot;yes&quot;,&quot;background_slideshow_slide_duration&quot;:5000,&quot;background_slideshow_slide_transition&quot;:&quot;fade&quot;,&quot;background_slideshow_transition_duration&quot;:500}\">\n\t\t<div class=\"elementor-element elementor-element-582bfabf e-con-full e-flex e-con e-child\" data-id=\"582bfabf\" data-element_type=\"container\" data-settings=\"{&quot;background_background&quot;:&quot;classic&quot;}\">\n\t\t\t\t<div class=\"elementor-element elementor-element-b6e848a elementor-widget elementor-widget-heading\" data-id=\"b6e848a\" data-element_type=\"widget\" data-widget_type=\"heading.default\">\n\t\t\t\t<div class=\"elementor-widget-container\">\n\t\t\t\t\t<h1 class=\"elementor-heading-title elementor-size-default\">Blog<\/h1>\t\t\t\t<\/div>\n\t\t\t\t<\/div>\n\t\t\t\t<div class=\"elementor-element elementor-element-21c68e67 elementor-widget__width-inherit elementor-widget elementor-widget-text-editor\" data-id=\"21c68e67\" data-element_type=\"widget\" data-widget_type=\"text-editor.default\">\n\t\t\t\t<div class=\"elementor-widget-container\">\n\t\t\t\t\t\t\t\t\t<p>G\u00fcm\u00fc\u015fle ilgili en son haberlerle g\u00fcncel kal\u0131n, piyasa trendleri, sekt\u00f6r geli\u015fmeleri ve g\u00fcm\u00fc\u015f \u00fcretimi ve kullan\u0131m\u0131yla ilgili yenilikler dahil.<\/p>\t\t\t\t\t\t\t\t<\/div>\n\t\t\t\t<\/div>\n\t\t\t\t<\/div>\n\t\t\t\t<\/div>\n\t\t<div class=\"elementor-element elementor-element-37dda1e3 e-flex e-con-boxed e-con e-parent\" data-id=\"37dda1e3\" data-element_type=\"container\">\n\t\t\t\t\t<div class=\"e-con-inner\">\n\t\t\t\t\t<\/div>\n\t\t\t\t<\/div>\n\t\t\t\t<\/div>\n\t\t","protected":false},"excerpt":{"rendered":"<p>Blog G\u00fcm\u00fc\u015fle ilgili en son haberlerle g\u00fcncel kal\u0131n, piyasa trendleri, sekt\u00f6r geli\u015fmeleri ve g\u00fcm\u00fc\u015f \u00fcretimi ve kullan\u0131m\u0131yla ilgili yenilikler dahil.<\/p>\n","protected":false},"author":1,"featured_media":0,"parent":0,"menu_order":0,"comment_status":"closed","ping_status":"closed","template":"","meta":{"_acf_changed":false,"site-sidebar-layout":"no-sidebar","site-content-layout":"","ast-site-content-layout":"full-width-container","site-content-style":"default","site-sidebar-style":"default","ast-global-header-display":"","ast-banner-title-visibility":"","ast-main-header-display":"","ast-hfb-above-header-display":"","ast-hfb-below-header-display":"","ast-hfb-mobile-header-display":"","site-post-title":"disabled","ast-breadcrumbs-content":"","ast-featured-img":"disabled","footer-sml-layout":"","theme-transparent-header-meta":"default","adv-header-id-meta":"","stick-header-meta":"","header-above-stick-meta":"","header-main-stick-meta":"","header-below-stick-meta":"","astra-migrate-meta-layouts":"set","ast-page-background-enabled":"default","ast-page-background-meta":{"desktop":{"background-color":"var(--ast-global-color-4)","background-image":"","background-repeat":"repeat","background-position":"center center","background-size":"auto","background-attachment":"scroll","background-type":"","background-media":"","overlay-type":"","overlay-color":"","overlay-opacity":"","overlay-gradient":""},"tablet":{"background-color":"","background-image":"","background-repeat":"repeat","background-position":"center center","background-size":"auto","background-attachment":"scroll","background-type":"","background-media":"","overlay-type":"","overlay-color":"","overlay-opacity":"","overlay-gradient":""},"mobile":{"background-color":"","background-image":"","background-repeat":"repeat","background-position":"center center","background-size":"auto","background-attachment":"scroll","background-type":"","background-media":"","overlay-type":"","overlay-color":"","overlay-opacity":"","overlay-gradient":""}},"ast-content-background-meta":{"desktop":{"background-color":"var(--ast-global-color-5)","background-image":"","background-repeat":"repeat","background-position":"center center","background-size":"auto","background-attachment":"scroll","background-type":"","background-media":"","overlay-type":"","overlay-color":"","overlay-opacity":"","overlay-gradient":""},"tablet":{"background-color":"var(--ast-global-color-5)","background-image":"","background-repeat":"repeat","background-position":"center center","background-size":"auto","background-attachment":"scroll","background-type":"","background-media":"","overlay-type":"","overlay-color":"","overlay-opacity":"","overlay-gradient":""},"mobile":{"background-color":"var(--ast-global-color-5)","background-image":"","background-repeat":"repeat","background-position":"center center","background-size":"auto","background-attachment":"scroll","background-type":"","background-media":"","overlay-type":"","overlay-color":"","overlay-opacity":"","overlay-gradient":""}},"footnotes":""},"class_list":["post-1840","page","type-page","status-publish","hentry"],"acf":[],"yoast_head":"<!-- This site is optimized with the Yoast SEO plugin v25.0 - https:\/\/yoast.com\/wordpress\/plugins\/seo\/ -->\n<title>Blog - Palladion Silver<\/title>\n<meta name=\"description\" content=\"G\u00fcm\u00fc\u015fle ilgili en son haberlerle g\u00fcncel kal\u0131n, piyasa trendleri, sekt\u00f6r geli\u015fmeleri ve g\u00fcm\u00fc\u015f \u00fcretimi ve kullan\u0131m\u0131yla ilgili yenilikler dahil.\" \/>\n<meta name=\"robots\" content=\"index, follow, max-snippet:-1, max-image-preview:large, max-video-preview:-1\" \/>\n<link rel=\"canonical\" href=\"https:\/\/palladion-silver.com\/tr\/blog\/\" \/>\n<meta property=\"og:locale\" content=\"tr_TR\" \/>\n<meta property=\"og:type\" content=\"article\" \/>\n<meta property=\"og:title\" content=\"Blog - Palladion Silver\" \/>\n<meta property=\"og:description\" content=\"G\u00fcm\u00fc\u015fle ilgili en son haberlerle g\u00fcncel kal\u0131n, piyasa trendleri, sekt\u00f6r geli\u015fmeleri ve g\u00fcm\u00fc\u015f \u00fcretimi ve kullan\u0131m\u0131yla ilgili yenilikler dahil.\" \/>\n<meta property=\"og:url\" content=\"https:\/\/palladion-silver.com\/tr\/blog\/\" \/>\n<meta property=\"og:site_name\" content=\"Palladion Silver\" \/>\n<meta property=\"article:modified_time\" content=\"2025-05-12T11:24:23+00:00\" \/>\n<meta name=\"twitter:card\" content=\"summary_large_image\" \/>\n<meta name=\"twitter:label1\" content=\"Tahmini okuma s\u00fcresi\" \/>\n\t<meta name=\"twitter:data1\" content=\"1 dakika\" \/>\n<script type=\"application\/ld+json\" class=\"yoast-schema-graph\">{\"@context\":\"https:\/\/schema.org\",\"@graph\":[{\"@type\":\"WebPage\",\"@id\":\"https:\/\/palladion-silver.com\/tr\/blog\/\",\"url\":\"https:\/\/palladion-silver.com\/tr\/blog\/\",\"name\":\"Blog - Palladion Silver\",\"isPartOf\":{\"@id\":\"https:\/\/palladion-silver.com\/tr\/#website\"},\"datePublished\":\"2025-05-12T11:00:35+00:00\",\"dateModified\":\"2025-05-12T11:24:23+00:00\",\"description\":\"G\u00fcm\u00fc\u015fle ilgili en son haberlerle g\u00fcncel kal\u0131n, piyasa trendleri, sekt\u00f6r geli\u015fmeleri ve g\u00fcm\u00fc\u015f \u00fcretimi ve kullan\u0131m\u0131yla ilgili yenilikler dahil.\",\"breadcrumb\":{\"@id\":\"https:\/\/palladion-silver.com\/tr\/blog\/#breadcrumb\"},\"inLanguage\":\"tr\",\"potentialAction\":[{\"@type\":\"ReadAction\",\"target\":[\"https:\/\/palladion-silver.com\/tr\/blog\/\"]}]},{\"@type\":\"BreadcrumbList\",\"@id\":\"https:\/\/palladion-silver.com\/tr\/blog\/#breadcrumb\",\"itemListElement\":[{\"@type\":\"ListItem\",\"position\":1,\"name\":\"Home\",\"item\":\"https:\/\/palladion-silver.com\/tr\/\"},{\"@type\":\"ListItem\",\"position\":2,\"name\":\"Blog\"}]},{\"@type\":\"WebSite\",\"@id\":\"https:\/\/palladion-silver.com\/tr\/#website\",\"url\":\"https:\/\/palladion-silver.com\/tr\/\",\"name\":\"Palladion Silver\",\"description\":\"Pure Silver\",\"potentialAction\":[{\"@type\":\"SearchAction\",\"target\":{\"@type\":\"EntryPoint\",\"urlTemplate\":\"https:\/\/palladion-silver.com\/tr\/?s={search_term_string}\"},\"query-input\":{\"@type\":\"PropertyValueSpecification\",\"valueRequired\":true,\"valueName\":\"search_term_string\"}}],\"inLanguage\":\"tr\"}]}<\/script>\n<!-- \/ Yoast SEO plugin. -->","yoast_head_json":{"title":"Blog - Palladion Silver","description":"G\u00fcm\u00fc\u015fle ilgili en son haberlerle g\u00fcncel kal\u0131n, piyasa trendleri, sekt\u00f6r geli\u015fmeleri ve g\u00fcm\u00fc\u015f \u00fcretimi ve kullan\u0131m\u0131yla ilgili yenilikler dahil.","robots":{"index":"index","follow":"follow","max-snippet":"max-snippet:-1","max-image-preview":"max-image-preview:large","max-video-preview":"max-video-preview:-1"},"canonical":"https:\/\/palladion-silver.com\/tr\/blog\/","og_locale":"tr_TR","og_type":"article","og_title":"Blog - Palladion Silver","og_description":"G\u00fcm\u00fc\u015fle ilgili en son haberlerle g\u00fcncel kal\u0131n, piyasa trendleri, sekt\u00f6r geli\u015fmeleri ve g\u00fcm\u00fc\u015f \u00fcretimi ve kullan\u0131m\u0131yla ilgili yenilikler dahil.","og_url":"https:\/\/palladion-silver.com\/tr\/blog\/","og_site_name":"Palladion Silver","article_modified_time":"2025-05-12T11:24:23+00:00","twitter_card":"summary_large_image","twitter_misc":{"Tahmini okuma s\u00fcresi":"1 dakika"},"schema":{"@context":"https:\/\/schema.org","@graph":[{"@type":"WebPage","@id":"https:\/\/palladion-silver.com\/tr\/blog\/","url":"https:\/\/palladion-silver.com\/tr\/blog\/","name":"Blog - Palladion Silver","isPartOf":{"@id":"https:\/\/palladion-silver.com\/tr\/#website"},"datePublished":"2025-05-12T11:00:35+00:00","dateModified":"2025-05-12T11:24:23+00:00","description":"G\u00fcm\u00fc\u015fle ilgili en son haberlerle g\u00fcncel kal\u0131n, piyasa trendleri, sekt\u00f6r geli\u015fmeleri ve g\u00fcm\u00fc\u015f \u00fcretimi ve kullan\u0131m\u0131yla ilgili yenilikler dahil.","breadcrumb":{"@id":"https:\/\/palladion-silver.com\/tr\/blog\/#breadcrumb"},"inLanguage":"tr","potentialAction":[{"@type":"ReadAction","target":["https:\/\/palladion-silver.com\/tr\/blog\/"]}]},{"@type":"BreadcrumbList","@id":"https:\/\/palladion-silver.com\/tr\/blog\/#breadcrumb","itemListElement":[{"@type":"ListItem","position":1,"name":"Home","item":"https:\/\/palladion-silver.com\/tr\/"},{"@type":"ListItem","position":2,"name":"Blog"}]},{"@type":"WebSite","@id":"https:\/\/palladion-silver.com\/tr\/#website","url":"https:\/\/palladion-silver.com\/tr\/","name":"Palladion Silver","description":"Pure Silver","potentialAction":[{"@type":"SearchAction","target":{"@type":"EntryPoint","urlTemplate":"https:\/\/palladion-silver.com\/tr\/?s={search_term_string}"},"query-input":{"@type":"PropertyValueSpecification","valueRequired":true,"valueName":"search_term_string"}}],"inLanguage":"tr"}]}},"jetpack_sharing_enabled":true,"_links":{"self":[{"href":"https:\/\/palladion-silver.com\/tr\/wp-json\/wp\/v2\/pages\/1840","targetHints":{"allow":["GET"]}}],"collection":[{"href":"https:\/\/palladion-silver.com\/tr\/wp-json\/wp\/v2\/pages"}],"about":[{"href":"https:\/\/palladion-silver.com\/tr\/wp-json\/wp\/v2\/types\/page"}],"author":[{"embeddable":true,"href":"https:\/\/palladion-silver.com\/tr\/wp-json\/wp\/v2\/users\/1"}],"replies":[{"embeddable":true,"href":"https:\/\/palladion-silver.com\/tr\/wp-json\/wp\/v2\/comments?post=1840"}],"version-history":[{"count":4,"href":"https:\/\/palladion-silver.com\/tr\/wp-json\/wp\/v2\/pages\/1840\/revisions"}],"predecessor-version":[{"id":1845,"href":"https:\/\/palladion-silver.com\/tr\/wp-json\/wp\/v2\/pages\/1840\/revisions\/1845"}],"wp:attachment":[{"href":"https:\/\/palladion-silver.com\/tr\/wp-json\/wp\/v2\/media?parent=1840"}],"curies":[{"name":"wp","href":"https:\/\/api.w.org\/{rel}","templated":true}]}}